{"id":918,"date":"2021-08-11T17:49:28","date_gmt":"2021-08-11T20:49:28","guid":{"rendered":"https:\/\/revistas.ufpr.br\/wp\/?page_id=918"},"modified":"2026-04-13T14:13:55","modified_gmt":"2026-04-13T17:13:55","slug":"editais","status":"publish","type":"page","link":"https:\/\/revistas.ufpr.br\/wp\/editais\/","title":{"rendered":"Editais"},"content":{"rendered":"<p><b><span data-contrast=\"auto\">Processo seletivo para contrata\u00e7\u00e3o de bolsista para a Se\u00e7\u00e3o de Apoio a Publica\u00e7\u00f5es Cient\u00edficas Peri\u00f3dicas do Sistema de Bibliotecas da Universidade Federal do Paran\u00e1 2026.1<\/span><\/b><\/p>\n<p><a href=\"https:\/\/revistas.ufpr.br\/wp\/wp-content\/uploads\/2026\/04\/Edital-bolsistas-2026.1.pdf\" target=\"_blank\" rel=\"noopener\">Edital de contrata\u00e7\u00e3o de bolsistas &#8211; Diagrama\u00e7\u00e3o 2026.1<\/a><\/p>\n<p>&nbsp;<\/p>\n<p><b><span data-contrast=\"auto\">Processo seletivo para contrata\u00e7\u00e3o de bolsista para a Se\u00e7\u00e3o de Apoio a Publica\u00e7\u00f5es Cient\u00edficas Peri\u00f3dicas do Sistema de Bibliotecas da Universidade Federal do Paran\u00e1 2025.5<\/span><\/b><\/p>\n<p><a href=\"https:\/\/revistas.ufpr.br\/wp\/wp-content\/uploads\/2025\/06\/Edital-bolsistas-2025.5.pdf\">Edital de contrata\u00e7\u00e3o de bolsistas &#8211; Diagrama\u00e7\u00e3o 2025.5<\/a><\/p>\n<p><a href=\"https:\/\/revistas.ufpr.br\/wp\/wp-content\/uploads\/2025\/07\/Convocacao-para-prova-pratica-Diagramacao-2025.5.pdf\">Convoca\u00e7\u00e3o para a prova pr\u00e1tica \u2013 Diagrama\u00e7\u00e3o 2025.5<\/a><\/p>\n<p><a href=\"https:\/\/revistas.ufpr.br\/wp\/wp-content\/uploads\/2025\/07\/Resultado-da-prova-pratica-diagramacao-2025.5.pdf\">Resultado da prova pr\u00e1tica &#8211; Diagrama\u00e7\u00e3o 2025.5<\/a><\/p>\n<p>&nbsp;<\/p>\n<p><b><span data-contrast=\"auto\">Processo seletivo para contrata\u00e7\u00e3o de bolsista para a Se\u00e7\u00e3o de Apoio a Publica\u00e7\u00f5es Cient\u00edficas Peri\u00f3dicas do Sistema de Bibliotecas da Universidade Federal do Paran\u00e1 2025.4<\/span><\/b><\/p>\n<p><a href=\"https:\/\/revistas.ufpr.br\/wp\/wp-content\/uploads\/2025\/05\/Edital-bolsistas-2025.4.pdf\" target=\"_blank\" rel=\"noopener\">Edital de contrata\u00e7\u00e3o de bolsistas &#8211; Tradu\u00e7\u00e3o ingl\u00eas 2025.4<\/a><\/p>\n<p><a href=\"https:\/\/revistas.ufpr.br\/wp\/wp-content\/uploads\/2025\/06\/Convocacao-para-prova-pratica-traducao-ingles-2025.4.pdf\" target=\"_blank\" rel=\"noopener\">Convoca\u00e7\u00e3o para prova pr\u00e1tica &#8211; tradu\u00e7\u00e3o ingl\u00eas 2025.4<\/a><\/p>\n<p><a href=\"https:\/\/revistas.ufpr.br\/wp\/wp-content\/uploads\/2025\/06\/Resultado-da-prova-pratica-traducao-ingles-2025.4.pdf\">Resultado da prova pr\u00e1tica \u2013 Tradu\u00e7\u00e3o ingl\u00eas 2025.4<\/a><\/p>\n<p>&nbsp;<\/p>\n<p><b><span data-contrast=\"auto\">Processo seletivo para contrata\u00e7\u00e3o de bolsista para a Se\u00e7\u00e3o de Apoio a Publica\u00e7\u00f5es Cient\u00edficas Peri\u00f3dicas do Sistema de Bibliotecas da Universidade Federal do Paran\u00e1 2025.3<\/span><\/b><\/p>\n<p><a href=\"https:\/\/revistas.ufpr.br\/wp\/wp-content\/uploads\/2025\/03\/edital-bolsistas-2025.3.pdf\">Edital de contrata\u00e7\u00e3o de bolsistas &#8211; Tradu\u00e7\u00e3o espanhol 2025.3<\/a><\/p>\n<p><a href=\"https:\/\/revistas.ufpr.br\/wp\/wp-content\/uploads\/2025\/03\/Convocacao-para-prova-pratica-traducao-espanhol-2025.3.pdf\">Convoca\u00e7\u00e3o para prova pr\u00e1tica &#8211; Tradu\u00e7\u00e3o espanhol 2025.3<\/a><\/p>\n<p><a href=\"https:\/\/revistas.ufpr.br\/wp\/wp-content\/uploads\/2025\/03\/Resultado-da-prova-pratica-traducao-espanhol-2025.3.pdf\">Resultado da prova pr\u00e1tica &#8211; Tradu\u00e7\u00e3o espanhol 2025.3<\/a><\/p>\n<p>&nbsp;<\/p>\n<p><b><span data-contrast=\"auto\">Processo seletivo para contrata\u00e7\u00e3o de bolsista para a Se\u00e7\u00e3o de Apoio a Publica\u00e7\u00f5es Cient\u00edficas Peri\u00f3dicas do Sistema de Bibliotecas da Universidade Federal do Paran\u00e1 2025.2<\/span><\/b><\/p>\n<p><a href=\"https:\/\/revistas.ufpr.br\/wp\/wp-content\/uploads\/2025\/02\/Edital-bolsistas-2025.2.pdf\">Edital de contrata\u00e7\u00e3o de bolsistas 2025.2<\/a><\/p>\n<p><a href=\"https:\/\/revistas.ufpr.br\/wp\/wp-content\/uploads\/2025\/02\/Convocacao-para-prova-pratica-Diagramacao-2025.2.pdf\">Convoca\u00e7\u00e3o para prova pr\u00e1tica &#8211; Diagrama\u00e7\u00e3o 2025.2<\/a><\/p>\n<p><a href=\"https:\/\/revistas.ufpr.br\/wp\/wp-content\/uploads\/2025\/03\/Resultado-da-prova-pratica-Diagramacao-2025.2.pdf\">Resultado da prova pr\u00e1tica &#8211; Diagrama\u00e7\u00e3o 2025.2<\/a><\/p>\n<p>&nbsp;<\/p>\n<p><b><span data-contrast=\"auto\">Processo seletivo para contrata\u00e7\u00e3o de bolsista para a Se\u00e7\u00e3o de Apoio a Publica\u00e7\u00f5es Cient\u00edficas Peri\u00f3dicas do Sistema de Bibliotecas da Universidade Federal do Paran\u00e1 2025.1<\/span><\/b><\/p>\n<p><a href=\"https:\/\/revistas.ufpr.br\/wp\/wp-content\/uploads\/2025\/01\/Edital-bolsistas-2025.1.pdf\">Edital de contrata\u00e7\u00e3o de bolsistas 2025.1<\/a><\/p>\n<p><a href=\"https:\/\/revistas.ufpr.br\/wp\/wp-content\/uploads\/2025\/01\/Convocacao-para-prova-pratica-traducao-ingles-2025.1.pdf\">Convoca\u00e7\u00e3o para prova pr\u00e1tica &#8211; Tradu\u00e7\u00e3o ingl\u00eas 2025.1<\/a><\/p>\n<p><a href=\"https:\/\/revistas.ufpr.br\/wp\/wp-content\/uploads\/2025\/02\/Resultado-da-prova-pratica-traducao-ingles-2025.1.pdf\">Resultado da prova pr\u00e1tica &#8211; Tradu\u00e7\u00e3o ingl\u00eas 2025.1<\/a><\/p>\n<p>&nbsp;<\/p>\n<p><b><span data-contrast=\"auto\">Processo seletivo para contrata\u00e7\u00e3o de bolsista para a Se\u00e7\u00e3o de Apoio a Publica\u00e7\u00f5es Cient\u00edficas Peri\u00f3dicas do Sistema de Bibliotecas da Universidade Federal do Paran\u00e1 2024.1<\/span><\/b><\/p>\n<p><a href=\"https:\/\/revistas.ufpr.br\/wp\/wp-content\/uploads\/2024\/09\/Edital-bolsistas-2024.1-1.pdf\">Edital de contrata\u00e7\u00e3o de bolsistas 2024.1<\/a><\/p>\n<p><a href=\"https:\/\/revistas.ufpr.br\/wp\/wp-content\/uploads\/2024\/09\/Convocacao-para-prova-pratica-Diagramacao.pptx\">Convoca\u00e7\u00e3o para prova pr\u00e1tica &#8211; Diagrama\u00e7\u00e3o 2024.1<\/a><\/p>\n<p><a href=\"https:\/\/revistas.ufpr.br\/wp\/wp-content\/uploads\/2024\/10\/Resultado-da-prova-pratica-Diagramacao-2024.1.pdf\">Resultado da prova pr\u00e1tica &#8211; Diagrama\u00e7\u00e3o 2024.1<\/a><\/p>\n<p>&nbsp;<\/p>\n<p><b><span data-contrast=\"auto\">Processo seletivo para contrata\u00e7\u00e3o de bolsista para a Se\u00e7\u00e3o de Apoio a Publica\u00e7\u00f5es Cient\u00edficas Peri\u00f3dicas do Sistema de Bibliotecas da Universidade Federal do Paran\u00e1 2023.4<\/span><\/b><span data-ccp-props=\"{&quot;201341983&quot;:0,&quot;335559739&quot;:200,&quot;335559740&quot;:276}\">\u00a0<\/span><\/p>\n<p><a href=\"https:\/\/revistas.ufpr.br\/wp\/wp-content\/uploads\/2023\/09\/EDITAL-2023.4.pdf\">Edital de contrata\u00e7\u00e3o de bolsistas 2023.4\u00a0<\/a><\/p>\n<p><a href=\"https:\/\/revistas.ufpr.br\/wp\/wp-content\/uploads\/2023\/09\/Convocacao-para-prova-pratica-Diagramacao.pdf\">Convoca\u00e7\u00e3o para prova pr\u00e1tica &#8211; Diagrama\u00e7\u00e3o 2023.04<\/a><\/p>\n<p><a href=\"https:\/\/revistas.ufpr.br\/wp\/wp-content\/uploads\/2023\/09\/Convocacao-para-prova-pratica-Revisao.pdf\">Convoca\u00e7\u00e3o para prova pr\u00e1tica &#8211; Revis\u00e3o 2023.4<\/a><\/p>\n<p><a href=\"https:\/\/revistas.ufpr.br\/wp\/wp-content\/uploads\/2023\/10\/RESULTADO-Diagramacao.pdf\">Resultado da prova pr\u00e1tica &#8211; Diagrama\u00e7\u00e3o 2023.4<\/a><\/p>\n<p><a href=\"https:\/\/revistas.ufpr.br\/wp\/wp-content\/uploads\/2023\/10\/RESULTADO-Revisao.pdf\">Resultado da prova pr\u00e1tica &#8211; Revis\u00e3o 2023.4<\/a><\/p>\n<p>&nbsp;<\/p>\n<p><strong>Processo seletivo para contrata\u00e7\u00e3o de bolsista para a Se\u00e7\u00e3o de Apoio a Publica\u00e7\u00f5es Cient\u00edficas Peri\u00f3dicas do Sistema de Bibliotecas da Universidade Federal do Paran\u00e1 2023.3<\/strong><\/p>\n<p><a href=\"https:\/\/revistas.ufpr.br\/wp\/wp-content\/uploads\/2023\/05\/Edital-bolsistas-2023.3.pdf\">Edital de contrata\u00e7\u00e3o de bolsistas 2023.3<\/a><\/p>\n<p><a href=\"https:\/\/revistas.ufpr.br\/wp\/wp-content\/uploads\/2023\/05\/Divulgacao-da-lista-de-inscritos-do-processo-de-selecao-de-bolsistas-de-diagramacao-2023.3.pdf\">Lista de inscritos para realiza\u00e7\u00e3o da prova pr\u00e1tica 2023.3<\/a><\/p>\n<p><a href=\"https:\/\/revistas.ufpr.br\/wp\/wp-content\/uploads\/2023\/05\/Convocacao-para-prova-pratica-do-processo-de-selecao-de-bolsistas-de-diagramacao-2023.3-1.pdf\">Convoca\u00e7\u00e3o para prova pr\u00e1tica 2023.3<\/a><\/p>\n<p><a href=\"https:\/\/revistas.ufpr.br\/wp\/wp-content\/uploads\/2023\/06\/Resultado_prova-pratica.pdf\">Resultado da prova pr\u00e1tica 2023.3<\/a><\/p>\n<p>&nbsp;<\/p>\n<p><strong>Processo seletivo para contrata\u00e7\u00e3o de bolsista para a Se\u00e7\u00e3o de Apoio a Publica\u00e7\u00f5es Cient\u00edficas Peri\u00f3dicas do Sistema de Bibliotecas da Universidade Federal do Paran\u00e1 2023.2<\/strong><\/p>\n<p><a href=\"https:\/\/revistas.ufpr.br\/wp\/wp-content\/uploads\/2023\/03\/Edital-bolsistas-2023.2-1.pdf\">Edital de contrata\u00e7\u00e3o de bolsistas 2023.2<\/a><\/p>\n<p><a href=\"https:\/\/revistas.ufpr.br\/wp\/wp-content\/uploads\/2023\/03\/Convocacao-Prova-Pratica-2023.2.pdf\">Convoca\u00e7\u00e3o para prova pr\u00e1tica 2023.2<\/a><\/p>\n<p><a href=\"https:\/\/revistas.ufpr.br\/wp\/wp-content\/uploads\/2023\/04\/ERRATA_Convocacao_Prova_Pratica_2023.2.pdf\" target=\"_blank\" rel=\"noopener noreferrer\">Errata &#8211; Convoca\u00e7\u00e3o para prova pr\u00e1tica 2023.2\u00a0<\/a><\/p>\n<p><a href=\"https:\/\/revistas.ufpr.br\/wp\/wp-content\/uploads\/2023\/04\/Resultado_selecao_bolsistas_2023.2.pdf\" target=\"_blank\" rel=\"noopener noreferrer\">Resultado da prova pr\u00e1tica 2023.2<\/a><\/p>\n<p>&nbsp;<\/p>\n<p><strong>Processo seletivo para contrata\u00e7\u00e3o de bolsista para a Se\u00e7\u00e3o de Apoio a Publica\u00e7\u00f5es Cient\u00edficas Peri\u00f3dicas do Sistema de Bibliotecas da Universidade Federal do Paran\u00e1 2023.1<\/strong><\/p>\n<p><a href=\"https:\/\/revistas.ufpr.br\/wp\/wp-content\/uploads\/2023\/03\/Edital-bolsistas-2023.1.pdf\">Edital de contrata\u00e7\u00e3o de bolsistas 2023.1<\/a><\/p>\n<p><a href=\"https:\/\/revistas.ufpr.br\/wp\/wp-content\/uploads\/2023\/03\/Convocacao-Prova-Pratica-2023.1.pdf\">Convoca\u00e7\u00e3o para prova pr\u00e1tica 2023.1<\/a><\/p>\n<p><a href=\"https:\/\/revistas.ufpr.br\/wp\/wp-content\/uploads\/2023\/03\/Resultado-2023.1-1.pdf\">Resultado da prova pr\u00e1tica 2023.1<\/a><\/p>\n<p><strong>\u00a0<\/strong><\/p>\n<p><strong>Processo seletivo para contrata\u00e7\u00e3o de bolsista para a Se\u00e7\u00e3o de Apoio a Publica\u00e7\u00f5es Cient\u00edficas Peri\u00f3dicas do Sistema de Bibliotecas da Universidade Federal do Paran\u00e1 2022.4<\/strong><\/p>\n<p><a href=\"https:\/\/revistas.ufpr.br\/wp\/wp-content\/uploads\/2023\/03\/EDITAL-2022.4.pdf\">Edital de contrata\u00e7\u00e3o de bolsistas 2022.4<\/a><\/p>\n<p><a href=\"https:\/\/revistas.ufpr.br\/wp\/wp-content\/uploads\/2023\/03\/Convocacao-prova-2022.4.pdf\">Convoca\u00e7\u00e3o para prova pr\u00e1tica 2022.4<\/a><\/p>\n<p><a href=\"https:\/\/revistas.ufpr.br\/wp\/wp-content\/uploads\/2023\/03\/Resultado-2022.4-1.pdf\">Resultado da prova pr\u00e1tica 2022.4<\/a><\/p>\n<p><strong>\u00a0<\/strong><\/p>\n<p><strong>Processo seletivo para contrata\u00e7\u00e3o de bolsista para a Se\u00e7\u00e3o de Apoio a Publica\u00e7\u00f5es Cient\u00edficas Peri\u00f3dicas do Sistema de Bibliotecas da Universidade Federal do Paran\u00e1 2022.3<\/strong><\/p>\n<p><a href=\"https:\/\/revistas.ufpr.br\/wp\/wp-content\/uploads\/2023\/03\/Edital-2022.3.pdf\">Edital de contrata\u00e7\u00e3o de bolsistas 2022.3<\/a><\/p>\n<p><a href=\"https:\/\/revistas.ufpr.br\/wp\/wp-content\/uploads\/2023\/03\/Convocacao-Prova-Pratica-2022.3.pdf\">Convoca\u00e7\u00e3o para prova pr\u00e1tica 2022.3<\/a><\/p>\n<p><a href=\"https:\/\/revistas.ufpr.br\/wp\/wp-content\/uploads\/2023\/03\/Resultado-2022.3.pdf\">Resultado da prova pr\u00e1tica 2022.3<\/a><\/p>\n<p>&nbsp;<\/p>\n<p><strong>Processo seletivo para contrata\u00e7\u00e3o de bolsista para a Se\u00e7\u00e3o de Apoio a Publica\u00e7\u00f5es Cient\u00edficas Peri\u00f3dicas do Sistema de Bibliotecas da Universidade Federal do Paran\u00e1 2022.2<\/strong><\/p>\n<p><a href=\"https:\/\/revistas.ufpr.br\/wp\/wp-content\/uploads\/2022\/06\/edital_resultado_SAP_periodicos_2022-2.pdf\">Edital de contrata\u00e7\u00e3o de bolsistas 2022.2<\/a><\/p>\n<p><a href=\"https:\/\/revistas.ufpr.br\/wp\/wp-content\/uploads\/2022\/06\/convocacao_prova_pratica_2022_2.pdf\">Convoca\u00e7\u00e3o para prova pr\u00e1tica 2022.2<\/a><\/p>\n<p><a href=\"https:\/\/revistas.ufpr.br\/wp\/wp-content\/uploads\/2022\/07\/resultado_prova_pratica_2022_2.pdf\">Resultado da prova pr\u00e1tica 2022.2<\/a><\/p>\n<p>&nbsp;<\/p>\n<p><strong>Processo seletivo para contrata\u00e7\u00e3o de bolsista para a Se\u00e7\u00e3o de Apoio a Publica\u00e7\u00f5es Cient\u00edficas Peri\u00f3dicas do Sistema de Bibliotecas da Universidade Federal do Paran\u00e1 2022.1<\/strong><\/p>\n<p><a href=\"https:\/\/revistas.ufpr.br\/wp\/wp-content\/uploads\/2022\/06\/EDITAL-BOLSISTAS-2022.pdf\">Edital de contrata\u00e7\u00e3o de bolsistas 2022.1<\/a><\/p>\n<p><a href=\"https:\/\/revistas.ufpr.br\/wp\/wp-content\/uploads\/2022\/06\/EDITAL-BOLSISTAS-2022-Prorrogacao-de-prazos.pdf\">Prorroga\u00e7\u00e3o do edital de contrata\u00e7\u00e3o de bolsistas 2022.1<\/a><\/p>\n<p><a href=\"https:\/\/revistas.ufpr.br\/wp\/wp-content\/uploads\/2022\/06\/Convocacao-Prova-Pratica-2022.pdf\">Convoca\u00e7\u00e3o para a prova pr\u00e1tica 2022.1<\/a><\/p>\n<p><a href=\"https:\/\/revistas.ufpr.br\/wp\/wp-content\/uploads\/2022\/06\/resultado_edital_2022.pdf\">Resultado da prova pr\u00e1tica 2022.1<\/a><\/p>\n<p>&nbsp;<\/p>\n<p><strong>Processo seletivo para contrata\u00e7\u00e3o de bolsistas para o Programa de Apoio \u00e0s Publica\u00e7\u00f5es Cient\u00edficas Peri\u00f3dicas 2020.2<\/strong><\/p>\n<p><a href=\"https:\/\/revistas.ufpr.br\/wp\/wp-content\/uploads\/2021\/08\/Edital-de-contratacao-de-bolsistas-2020.2.pdf\">Edital de contrata\u00e7\u00e3o de bolsistas 2020.2<\/a><\/p>\n<p><a href=\"https:\/\/revistas.ufpr.br\/wp\/wp-content\/uploads\/2021\/08\/Retificacao-do-edital-de-contratacao-de-bolsistas-2020.2.pdf\">Retifica\u00e7\u00e3o do edital de contrata\u00e7\u00e3o de bolsistas 2020.2<\/a><\/p>\n<p><a href=\"https:\/\/revistas.ufpr.br\/wp\/wp-content\/uploads\/2021\/08\/Convocacao-para-a-prova-pratica-2020.2.pdf\">Convoca\u00e7\u00e3o para a prova pr\u00e1tica 2020.2<\/a><\/p>\n<p><a href=\"https:\/\/revistas.ufpr.br\/wp\/wp-content\/uploads\/2021\/08\/Resultado-da-prova-pratica-2020.2.pdf\">Resultado da prova pr\u00e1tica 2020.2<\/a><\/p>\n<p>&nbsp;<\/p>\n<p><strong>Processo seletivo para contrata\u00e7\u00e3o de bolsistas para o Programa de Apoio \u00e0s Publica\u00e7\u00f5es Cient\u00edficas Peri\u00f3dicas 2020.1<\/strong><\/p>\n<p><a href=\"https:\/\/revistas.ufpr.br\/wp\/wp-content\/uploads\/2021\/08\/Edital-de-contratacao-de-bolsistas-2020.1.pdf\">Edital de contrata\u00e7\u00e3o de bolsistas 2020.1<\/a><\/p>\n<p><a href=\"https:\/\/revistas.ufpr.br\/wp\/wp-content\/uploads\/2021\/08\/Convocacao-para-a-prova-pratica-2020.1.pdf\">Convoca\u00e7\u00e3o para a prova pr\u00e1tica 2020.1<\/a><\/p>\n<p><a href=\"https:\/\/revistas.ufpr.br\/wp\/wp-content\/uploads\/2021\/08\/Resultado-da-prova-pratica-2020.1.pdf\">Resultado da prova pr\u00e1tica 2020.1<\/a><\/p>\n<p>&nbsp;<\/p>\n<p><strong>Processo seletivo para contrata\u00e7\u00e3o de bolsistas para o Programa de Apoio \u00e0s Publica\u00e7\u00f5es Cient\u00edficas Peri\u00f3dicas 2019.2<\/strong><\/p>\n<p><a href=\"https:\/\/revistas.ufpr.br\/wp\/wp-content\/uploads\/2021\/08\/Edital-de-contratacao-de-bolsistas-2019.2.pdf\">Edital de contrata\u00e7\u00e3o de bolsistas 2019.2<\/a><\/p>\n<p>&nbsp;<\/p>\n<p><strong>Processo seletivo para contrata\u00e7\u00e3o de bolsistas para o Programa de Apoio \u00e0s Publica\u00e7\u00f5es Cient\u00edficas Peri\u00f3dicas 2019.1<\/strong><\/p>\n<p><a href=\"https:\/\/revistas.ufpr.br\/wp\/wp-content\/uploads\/2021\/08\/Resultado-final-2019.1.pdf\">Resultado final 2019.1<\/a><\/p>\n<p><a href=\"https:\/\/revistas.ufpr.br\/wp\/wp-content\/uploads\/2021\/08\/Entrevista-Edital-de-contratacao-2019.1.pdf\">Entrevista &#8211; Edital de contrata\u00e7\u00e3o 2019.1<\/a><\/p>\n<p><a href=\"https:\/\/revistas.ufpr.br\/wp\/wp-content\/uploads\/2021\/08\/Resultado-da-prova-pratica-2019-.1.pdf\">Resultado da prova pr\u00e1tica 2019 .1<\/a><\/p>\n<p><a href=\"https:\/\/revistas.ufpr.br\/wp\/wp-content\/uploads\/2021\/08\/Convocacao-para-a-prova-pratica-2019.1.pdf\">Convoca\u00e7\u00e3o para a prova pr\u00e1tica 2019.1<\/a><\/p>\n<p><a href=\"https:\/\/revistas.ufpr.br\/wp\/wp-content\/uploads\/2021\/08\/Lista-de-inscritos-\u2013-2019.1.pdf\">Lista de inscritos \u2013 2019.1<\/a><\/p>\n<p><a href=\"https:\/\/revistas.ufpr.br\/wp\/wp-content\/uploads\/2021\/08\/Edital-de-contratacao-de-bolsistas-2019.1.pdf\">Edital de contrata\u00e7\u00e3o de bolsistas 2019.1<\/a><\/p>\n<p>&nbsp;<\/p>\n<p><strong>Edital de apoio aos peri\u00f3dicos 2017<\/strong><\/p>\n<p><a href=\"https:\/\/revistas.ufpr.br\/wp\/wp-content\/uploads\/2021\/08\/Edital-de-Apoio-a-Editoracao-e-Publicacao-de-Periodicos-Cientificos-da-UFPR-\u2013-2017.pdf\">Edital de Apoio \u00e0 Editora\u00e7\u00e3o e Publica\u00e7\u00e3o de Peri\u00f3dicos Cient\u00edficos da UFPR \u2013 2017<\/a><\/p>\n","protected":false},"excerpt":{"rendered":"<p>Processo seletivo para contrata\u00e7\u00e3o de bolsista para a Se\u00e7\u00e3o de Apoio a Publica\u00e7\u00f5es Cient\u00edficas Peri\u00f3dicas do Sistema de Bibliotecas da Universidade Federal do Paran\u00e1 2026.1 Edital de contrata\u00e7\u00e3o de bolsistas &#8211; Diagrama\u00e7\u00e3o 2026.1 &nbsp; Processo seletivo para contrata\u00e7\u00e3o de bolsista para a Se\u00e7\u00e3o de Apoio a Publica\u00e7\u00f5es Cient\u00edficas Peri\u00f3dicas do Sistema de Bibliotecas da Universidade [&hellip;]<\/p>\n","protected":false},"author":8,"featured_media":0,"parent":0,"menu_order":0,"comment_status":"closed","ping_status":"closed","template":"","meta":{"footnotes":""},"class_list":["post-918","page","type-page","status-publish","hentry"],"_links":{"self":[{"href":"https:\/\/revistas.ufpr.br\/wp\/wp-json\/wp\/v2\/pages\/918","targetHints":{"allow":["GET"]}}],"collection":[{"href":"https:\/\/revistas.ufpr.br\/wp\/wp-json\/wp\/v2\/pages"}],"about":[{"href":"https:\/\/revistas.ufpr.br\/wp\/wp-json\/wp\/v2\/types\/page"}],"author":[{"embeddable":true,"href":"https:\/\/revistas.ufpr.br\/wp\/wp-json\/wp\/v2\/users\/8"}],"replies":[{"embeddable":true,"href":"https:\/\/revistas.ufpr.br\/wp\/wp-json\/wp\/v2\/comments?post=918"}],"version-history":[{"count":69,"href":"https:\/\/revistas.ufpr.br\/wp\/wp-json\/wp\/v2\/pages\/918\/revisions"}],"predecessor-version":[{"id":2535,"href":"https:\/\/revistas.ufpr.br\/wp\/wp-json\/wp\/v2\/pages\/918\/revisions\/2535"}],"wp:attachment":[{"href":"https:\/\/revistas.ufpr.br\/wp\/wp-json\/wp\/v2\/media?parent=918"}],"curies":[{"name":"wp","href":"https:\/\/api.w.org\/{rel}","templated":true}]}}