{"id":2216,"date":"2025-05-22T10:11:46","date_gmt":"2025-05-22T13:11:46","guid":{"rendered":"https:\/\/revistas.ufpr.br\/wp\/?page_id=2216"},"modified":"2026-03-26T12:55:37","modified_gmt":"2026-03-26T15:55:37","slug":"conselho-de-editores","status":"publish","type":"page","link":"https:\/\/revistas.ufpr.br\/wp\/conselho-de-editores\/","title":{"rendered":"Conselho de editores"},"content":{"rendered":"<p><strong> <span class=\"NormalTextRun SCXW152685093 BCX0\">Conselho de editores dos peri\u00f3dicos cient\u00edficos da UFPR<\/span><\/strong><\/p>\n<p>&nbsp;<\/p>\n<p><strong>12 de setembro de 2025 a 29 de mar\u00e7o de 2026<\/strong><\/p>\n<p><strong>Titulares\u00a0<\/strong><\/p>\n<p>Paula Carina de Ara\u00fajo (Representante da PROPG \u2013 Presidenta do Conselho)<\/p>\n<p>Daniela Stubert (Representante do SiBi \u2013 Vice-presidenta do Conselho)<\/p>\n<p>Diomar Augusto de Quadros (Revista Divers@: Revista Eletr\u00f4nica Interdisciplinar)<\/p>\n<p><span class=\"TextRun SCXW56843804 BCX0\" lang=\"PT-BR\" xml:lang=\"PT-BR\" data-contrast=\"none\"><span class=\"NormalTextRun SCXW56843804 BCX0\">Elisangela Alves da Silva <\/span><span class=\"NormalTextRun SpellingErrorV2Themed SCXW56843804 BCX0\">Scaff<\/span><span class=\"NormalTextRun SCXW56843804 BCX0\"> (Educar em Revista)<\/span><\/span><\/p>\n<p>Luciana Kalinke (Cogitare Enfermagem)<\/p>\n<p>Maria Lucia Masson (Boletim do Centro de Pesquisa e Processamento de Alimentos)<\/p>\n<p><strong>Suplentes\u00a0\u00a0<\/strong><\/p>\n<p><span data-contrast=\"none\">Carlos Conforti Ferreira Guedes (Quaternary and Environmental Geosciences)<\/span><span data-ccp-props=\"{&quot;134233117&quot;:false,&quot;134233118&quot;:false,&quot;201341983&quot;:0,&quot;335551550&quot;:1,&quot;335551620&quot;:1,&quot;335559685&quot;:0,&quot;335559737&quot;:0,&quot;335559738&quot;:0,&quot;335559739&quot;:0,&quot;335559740&quot;:259}\">\u00a0<\/span><\/p>\n<p><span data-contrast=\"none\">Fabio Braz Machado (Boletim Paranaense de Geoci\u00eancias)<\/span><span data-ccp-props=\"{&quot;134233117&quot;:false,&quot;134233118&quot;:false,&quot;201341983&quot;:0,&quot;335551550&quot;:1,&quot;335551620&quot;:1,&quot;335559685&quot;:0,&quot;335559737&quot;:0,&quot;335559738&quot;:0,&quot;335559739&quot;:0,&quot;335559740&quot;:259}\">\u00a0<\/span><\/p>\n<p><strong><a href=\"https:\/\/revistas.ufpr.br\/wp\/wp-content\/uploads\/2026\/03\/portaria-conselho-editores-12-de-setembro-de-2025-a-29-de-marco-de-2026.pdf\" target=\"_blank\" rel=\"noopener\">Portaria<\/a><\/strong><\/p>\n<p>&nbsp;<\/p>\n<p><strong>06 de fevereiro de 2025 a 12 de setembro de 2025<\/strong><\/p>\n<p><strong>Titulares<\/strong><\/p>\n<p>Paula Carina de Ara\u00fajo (Representante da PRPPG \u2013 Presidenta do Conselho)<\/p>\n<p>Elisangela Alves da Silva Scaff (Educar em Revista)<\/p>\n<p>Daniela Stubert (Representante do SiBi)<\/p>\n<p>Diomar Augusto de Quadros (Revista Divers@: Revista Eletr\u00f4nica Interdisciplinar)<\/p>\n<p>Luciana Kalinke (Cogitare Enfermagem)<\/p>\n<p>Maria Lucia Masson (Boletim do Centro de Pesquisa e Processamento de Alimentos)<\/p>\n<p><strong>Suplentes \u00a0<\/strong><\/p>\n<p><span data-contrast=\"none\">Carlos Conforti Ferreira Guedes (Quaternary and Environmental Geosciences)<\/span><span data-ccp-props=\"{&quot;134233117&quot;:false,&quot;134233118&quot;:false,&quot;201341983&quot;:0,&quot;335551550&quot;:1,&quot;335551620&quot;:1,&quot;335559685&quot;:0,&quot;335559737&quot;:0,&quot;335559738&quot;:0,&quot;335559739&quot;:0,&quot;335559740&quot;:259}\">\u00a0<\/span><\/p>\n<p><span data-contrast=\"none\">Fabio Braz Machado (Boletim Paranaense de Geoci\u00eancias)<\/span><span data-ccp-props=\"{&quot;134233117&quot;:false,&quot;134233118&quot;:false,&quot;201341983&quot;:0,&quot;335551550&quot;:1,&quot;335551620&quot;:1,&quot;335559685&quot;:0,&quot;335559737&quot;:0,&quot;335559738&quot;:0,&quot;335559739&quot;:0,&quot;335559740&quot;:259}\">\u00a0<\/span><\/p>\n<p data-ogsc=\"black\"><strong><a href=\"https:\/\/revistas.ufpr.br\/wp\/wp-content\/uploads\/2026\/03\/portaria-conselho-editores-06-de-fevereiro-de-2025-a-12-de-setembro-de-2025.pdf\" target=\"_blank\" rel=\"noopener\">Portaria<\/a><\/strong><\/p>\n<p>&nbsp;<\/p>\n<p><strong>2022 &#8211; 2024<\/strong><\/p>\n<p><strong>Titulares<\/strong><\/p>\n<p>Lucimara Stolz Roman (Representante da PRPPG &#8211; Presidenta do Conselho)<\/p>\n<p>Bruno Martins Augusto Gomes (Turismo e Sociedade)<\/p>\n<p>Denis Uezu\u00a0 (Representante do SiBi)<\/p>\n<p>Eva Scheliga (Campos: revista de Antropologia)<\/p>\n<p>Catarina Moro (Educar em Revista)<\/p>\n<p>Paula Carina de Ara\u00fajo (AtoZ: novas pr\u00e1ticas em informa\u00e7\u00e3o e conhecimento)<\/p>\n<p><strong>Suplentes\u00a0<\/strong><\/p>\n<p>Ivan Colangelo Salom\u00e3o (Revista de Economia)<\/p>\n<p>Maria Lucia Masson (Boletim do Centro de Pesquisa e Processamento de Alimentos)<\/p>\n<p>&nbsp;<\/p>\n<p><strong>201? \u2013 2022<\/strong><\/p>\n<p><strong>Titulares<\/strong><\/p>\n<p>Andr\u00e9 Luiz Felix Rodacki (Representante da PRPPG \u2013 Presidente do Conselho de editores)<\/p>\n<p>Josefina Aparecida Soares Guedes (Representante do SiBi)<\/p>\n<p>Jos\u00e9 Milton Andriguetto Filho (Revista Desenvolvimento e Meio Ambiente)<\/p>\n<p>Luciana Puchalski Kalinke (Cogitare Enfermagem)<\/p>\n<p>Miguel Bahl (Turismo e Sociedade)<\/p>\n<p><strong>Suplentes<\/strong><\/p>\n<p>Maria Lucia Masson (Boletim do Centro de Pesquisa e Processamento de Alimentos)<\/p>\n<p>Paulo Eduardo Sobreira Moraes (Revista Qualidade Emergente)<\/p>\n<p>&nbsp;<\/p>\n<p><strong>2013 \u2013 201?<\/strong><\/p>\n<p><strong>Titulares<\/strong><\/p>\n<p>Graciela Inez Bolzon de Muniz (Representante da PRPPG \u2013 Presidenta do Conselho de editores)<\/p>\n<p>Maria Josefina Klock (Representante do SiBi)<\/p>\n<p>Gilberto de Castro (Diretor da Editora da UFPR)<\/p>\n<p>Carlos Henrique Sopchaki (Geografar)<\/p>\n<p>Elaine Drehmer de Almeida (Cogitare Enfermagem)<\/p>\n<p>Maria Auxiliadora Moreira dos Santos Schmidt (Educar em Revista)<\/p>\n<p>Marilis Dallarmi Miguel (Vis\u00e3o Acad\u00eamica)<\/p>\n<p><strong>Suplentes<\/strong><\/p>\n<p>\u00c2ngela Duarte Damasceno Ferreira (Desenvolvimento e Meio Ambiente)<\/p>\n<p>Ant\u00f4nio Waldir Cunha da Silva (Archives of Veterinary Science)<\/p>\n<p>&nbsp;<\/p>\n","protected":false},"excerpt":{"rendered":"<p>Conselho de editores dos peri\u00f3dicos cient\u00edficos da UFPR &nbsp; 12 de setembro de 2025 a 29 de mar\u00e7o de 2026 Titulares\u00a0 Paula Carina de Ara\u00fajo (Representante da PROPG \u2013 Presidenta do Conselho) Daniela Stubert (Representante do SiBi \u2013 Vice-presidenta do Conselho) Diomar Augusto de Quadros (Revista Divers@: Revista Eletr\u00f4nica Interdisciplinar) Elisangela Alves da Silva Scaff [&hellip;]<\/p>\n","protected":false},"author":8,"featured_media":0,"parent":0,"menu_order":0,"comment_status":"closed","ping_status":"closed","template":"","meta":{"footnotes":""},"class_list":["post-2216","page","type-page","status-publish","hentry"],"_links":{"self":[{"href":"https:\/\/revistas.ufpr.br\/wp\/wp-json\/wp\/v2\/pages\/2216","targetHints":{"allow":["GET"]}}],"collection":[{"href":"https:\/\/revistas.ufpr.br\/wp\/wp-json\/wp\/v2\/pages"}],"about":[{"href":"https:\/\/revistas.ufpr.br\/wp\/wp-json\/wp\/v2\/types\/page"}],"author":[{"embeddable":true,"href":"https:\/\/revistas.ufpr.br\/wp\/wp-json\/wp\/v2\/users\/8"}],"replies":[{"embeddable":true,"href":"https:\/\/revistas.ufpr.br\/wp\/wp-json\/wp\/v2\/comments?post=2216"}],"version-history":[{"count":17,"href":"https:\/\/revistas.ufpr.br\/wp\/wp-json\/wp\/v2\/pages\/2216\/revisions"}],"predecessor-version":[{"id":2475,"href":"https:\/\/revistas.ufpr.br\/wp\/wp-json\/wp\/v2\/pages\/2216\/revisions\/2475"}],"wp:attachment":[{"href":"https:\/\/revistas.ufpr.br\/wp\/wp-json\/wp\/v2\/media?parent=2216"}],"curies":[{"name":"wp","href":"https:\/\/api.w.org\/{rel}","templated":true}]}}